{"id":16717,"date":"2021-10-12T15:51:09","date_gmt":"2021-10-12T14:51:09","guid":{"rendered":"https:\/\/buyinpty.com\/sobre-nosotros"},"modified":"2024-04-17T09:39:50","modified_gmt":"2024-04-17T08:39:50","slug":"sobre-nosotros","status":"publish","type":"page","link":"https:\/\/buyinpty.com\/es\/sobre-nosotros\/","title":{"rendered":"Sobre nosotros"},"content":{"rendered":"\t\t<div data-elementor-type=\"wp-page\" data-elementor-id=\"16717\" class=\"elementor elementor-16717 elementor-4400\">\n\t\t\t\t\t\t<section class=\"wd-negative-gap elementor-section elementor-top-section elementor-element elementor-element-3c548bca elementor-reverse-tablet elementor-reverse-mobile elementor-section-boxed elementor-section-height-default elementor-section-height-default\" data-id=\"3c548bca\" data-element_type=\"section\" data-e-type=\"section\">\n\t\t\t\t\t\t<div class=\"elementor-container elementor-column-gap-default\">\n\t\t\t\t\t<div class=\"elementor-column elementor-col-100 elementor-top-column elementor-element elementor-element-7a9daa7\" data-id=\"7a9daa7\" data-element_type=\"column\" data-e-type=\"column\">\n\t\t\t<div class=\"elementor-widget-wrap elementor-element-populated\">\n\t\t\t\t\t\t<div class=\"elementor-element elementor-element-18566191 wd-width-100 elementor-widget elementor-widget-wd_title\" data-id=\"18566191\" data-element_type=\"widget\" data-e-type=\"widget\" data-widget_type=\"wd_title.default\">\n\t\t\t\t<div class=\"elementor-widget-container\">\n\t\t\t\t\t\t\t<div class=\"title-wrapper wd-set-mb reset-last-child wd-title-color-primary wd-title-style-default wd-title-size-large text-left\">\n\n\t\t\t\n\t\t\t<div class=\"liner-continer\">\n\t\t\t\t<h4 class=\"woodmart-title-container title wd-fontsize-xxl\">Sobre nosotros:<\/h4> \n\t\t\t\t\t\t\t<\/div>\n\n\t\t\t\t\t<\/div>\n\t\t\t\t\t\t<\/div>\n\t\t\t\t<\/div>\n\t\t\t\t<div class=\"elementor-element elementor-element-cf34ae6 elementor-widget elementor-widget-wd_text_block\" data-id=\"cf34ae6\" data-element_type=\"widget\" data-e-type=\"widget\" data-widget_type=\"wd_text_block.default\">\n\t\t\t\t<div class=\"elementor-widget-container\">\n\t\t\t\t\t\t\t<div class=\"wd-text-block reset-last-child text-left\">\n\t\t\t\n\t\t\t<p>Lideramos y atendemos a los clientes desde 2007. La empresa se fund\u00f3 con la simple misi\u00f3n de brindar a los clientes acceso a la \u00faltima y mejor tecnolog\u00eda, a precios competitivos y con un servicio al cliente de primer nivel.<\/p><p>Nuestra selecci\u00f3n de productos incluye tel\u00e9fonos inteligentes, tabletas, relojes inteligentes, accesorios y otros dispositivos m\u00f3viles. Contamos con productos de las principales marcas, incluidas Apple, Asus, Samsung, Xiaomi, Realme, Sony, Oppo, One Plus, LG, Nokia Motorola, Amazon, Google y m\u00e1s. Todos nuestros productos son 100% aut\u00e9nticos y provienen directamente del fabricante o de un distribuidor autorizado.<\/p><p>Estamos comprometidos a brindar a nuestros clientes la mejor experiencia de compra posible. Nuestro sitio web es f\u00e1cil de navegar y nuestro equipo de servicio al cliente siempre est\u00e1 disponible para ayudar a responder cualquier pregunta que pueda tener. Nos esforzamos por ofrecer a nuestros clientes tiempos de env\u00edo y entrega r\u00e1pidos,<\/p><p>Creemos que todo el mundo deber\u00eda tener acceso a la \u00faltima tecnolog\u00eda, independientemente de su presupuesto. Es por eso que ofrecemos una amplia gama de productos a distintos precios, para que todos puedan encontrar el dispositivo perfecto que se adapte a sus necesidades.<\/p><p>Adem\u00e1s de ofrecer excelentes productos a precios competitivos, estamos comprometidos a brindar un servicio al cliente de primer nivel. Nuestro equipo de atenci\u00f3n al cliente est\u00e1 disponible para responder cualquier pregunta que pueda tener y estamos dedicados a garantizar que est\u00e9 100% satisfecho con su compra.<\/p><p>Tambi\u00e9n estamos comprometidos a proteger la privacidad y la informaci\u00f3n personal de nuestros clientes. Nuestro sitio web es seguro y utilizamos la \u00faltima tecnolog\u00eda de cifrado para garantizar que su informaci\u00f3n personal y de pago est\u00e9 segura y protegida. No compartimos su informaci\u00f3n con terceros y estamos comprometidos a proteger su privacidad.<\/p><p>Nos apasiona la tecnolog\u00eda m\u00f3vil y estamos dedicados a brindar a nuestros clientes la mejor experiencia de compra posible. Ya sea que est\u00e9 buscando el \u00faltimo tel\u00e9fono inteligente o un nuevo y elegante reloj inteligente, tenemos todo lo que necesita para mantenerse conectado y actualizado. Gracias por elegir BYINPTY.COM para todas sus necesidades de dispositivos m\u00f3viles.<\/p>\n\t\t\t\t\t<\/div>\n\t\t\t\t\t\t<\/div>\n\t\t\t\t<\/div>\n\t\t\t\t\t<\/div>\n\t\t<\/div>\n\t\t\t\t\t<\/div>\n\t\t<\/section>\n\t\t\t\t<\/div>\n\t\t","protected":false},"excerpt":{"rendered":"<p>Sobre nosotros: Lideramos y atendemos a los clientes desde 2007. La empresa se fund\u00f3 con la simple misi\u00f3n de brindar<\/p>\n","protected":false},"author":2,"featured_media":0,"parent":0,"menu_order":0,"comment_status":"closed","ping_status":"closed","template":"","meta":{"footnotes":""},"class_list":["post-16717","page","type-page","status-publish","hentry"],"_links":{"self":[{"href":"https:\/\/buyinpty.com\/es\/wp-json\/wp\/v2\/pages\/16717","targetHints":{"allow":["GET"]}}],"collection":[{"href":"https:\/\/buyinpty.com\/es\/wp-json\/wp\/v2\/pages"}],"about":[{"href":"https:\/\/buyinpty.com\/es\/wp-json\/wp\/v2\/types\/page"}],"author":[{"embeddable":true,"href":"https:\/\/buyinpty.com\/es\/wp-json\/wp\/v2\/users\/2"}],"replies":[{"embeddable":true,"href":"https:\/\/buyinpty.com\/es\/wp-json\/wp\/v2\/comments?post=16717"}],"version-history":[{"count":8,"href":"https:\/\/buyinpty.com\/es\/wp-json\/wp\/v2\/pages\/16717\/revisions"}],"predecessor-version":[{"id":16728,"href":"https:\/\/buyinpty.com\/es\/wp-json\/wp\/v2\/pages\/16717\/revisions\/16728"}],"wp:attachment":[{"href":"https:\/\/buyinpty.com\/es\/wp-json\/wp\/v2\/media?parent=16717"}],"curies":[{"name":"wp","href":"https:\/\/api.w.org\/{rel}","templated":true}]}}